{"id":867,"date":"2024-09-04T09:46:53","date_gmt":"2024-09-04T07:46:53","guid":{"rendered":"https:\/\/www.promopa.it\/eco\/programma-plus\/corso-eco-plus-i-edizione-copy\/"},"modified":"2025-01-15T10:12:53","modified_gmt":"2025-01-15T09:12:53","slug":"corso-eco-plus-iv-edizione","status":"publish","type":"page","link":"https:\/\/www.promopa.it\/eco\/programma-plus\/corso-eco-plus-iv-edizione\/","title":{"rendered":"ECO PLUS | IV EDIZIONE"},"content":{"rendered":"<div class=\"gb-grid-wrapper gb-grid-wrapper-8b833c25\">\n<div class=\"gb-grid-column gb-grid-column-b7f2b1c4\"><div class=\"gb-container gb-container-b7f2b1c4\">\n\n<h2 class=\"gb-headline gb-headline-c7d4bfbf gb-headline-text\">corso eco plus | iV edizione<\/h2>\n\n\n\n<p class=\"has-medium-font-size\"><strong>Dal 16 settembre 2024 al 10 dicembre 2024.<\/strong><br>60 ore di formazione, prevalentemente on line alternando presentazioni, formazione e laboratori di co-progettazione e sperimentazione.<\/p>\n\n\n\n<span class=\"gb-button gb-button-8f08d433 gb-button-text\" target=\"_blank\" rel=\"noopener noreferrer\"><strong>CORSO CONCLUSO<\/strong><\/span>\n\n<\/div><\/div>\n\n<div class=\"gb-grid-column gb-grid-column-9a36fd8f\"><div class=\"gb-container gb-container-9a36fd8f\">\n\n<figure class=\"gb-block-image gb-block-image-89b2c3d8\"><img loading=\"lazy\" decoding=\"async\" width=\"150\" height=\"150\" class=\"gb-image gb-image-89b2c3d8\" src=\"https:\/\/www.promopa.it\/eco\/wp-content\/uploads\/2024\/04\/elementi-11-150x150.png\" alt=\"Elementi 11\" title=\"elementi-11\" srcset=\"https:\/\/www.promopa.it\/eco\/wp-content\/uploads\/2024\/04\/elementi-11-150x150.png 150w, https:\/\/www.promopa.it\/eco\/wp-content\/uploads\/2024\/04\/elementi-11-300x300.png 300w, https:\/\/www.promopa.it\/eco\/wp-content\/uploads\/2024\/04\/elementi-11-1024x1024.png 1024w, https:\/\/www.promopa.it\/eco\/wp-content\/uploads\/2024\/04\/elementi-11-768x768.png 768w, https:\/\/www.promopa.it\/eco\/wp-content\/uploads\/2024\/04\/elementi-11.png 1200w\" sizes=\"auto, (max-width: 150px) 100vw, 150px\" \/><\/figure>\n\n<\/div><\/div>\n<\/div>\n\n\n<p><\/p>\n\n\n\n<p class=\"has-contrast-color has-text-color has-link-color has-medium-font-size wp-elements-ba441c8b63b89576f356ad883b978c9b\"><strong>16 SETTEMBRE | 15.30 &#8211; 17.30 |<\/strong> Laboratorio partecipato &#8211; engagement e mapping<\/p>\n\n\n\n<p class=\"has-medium-font-size\"><strong>20 SETTEMBRE | 09.00 &#8211; 13.00 | <\/strong>Revisione dei processi organizzativi &#8211;<em> 1 incontro<\/em><\/p>\n\n\n\n<ul class=\"wp-block-list\">\n<li class=\"has-medium-font-size\">L&#8217;organizzazione e le sue implicazioni nella sostenibilit\u00e0 nelle aziende culturali<\/li>\n\n\n\n<li class=\"has-medium-font-size\">Il flusso di processo<\/li>\n\n\n\n<li class=\"has-medium-font-size\">Laboratorio: costruiamo un flusso di processo e riconfiguriamolo<\/li>\n<\/ul>\n\n\n\n<p class=\"has-medium-font-size\"><strong>26 SETTEMBRE | 09.30 &#8211; 13.00 | <\/strong>Revisione dei processi organizzativi &#8211; <em>2 incontro<\/em><\/p>\n\n\n\n<ul class=\"wp-block-list\">\n<li class=\"has-medium-font-size\">I progetti come macro processo (project management delle attivit\u00e0)<\/li>\n\n\n\n<li class=\"has-medium-font-size\">Laboratorio: progettiamo un&#8217;attivit\u00e0 in ottica di sostenibilit\u00e0.<\/li>\n<\/ul>\n\n\n\n<p class=\"has-medium-font-size\"><strong>3 OTTOBRE | 15.00 &#8211; 18.00 |<\/strong> Agenda 2030: rendicontare la sostenibilit\u00e0 &#8211; <em>1 incontro<\/em><\/p>\n\n\n\n<ul class=\"wp-block-list\">\n<li>Introduzione al tema;<\/li>\n\n\n\n<li>Le modalit\u00e0 di rendicontazione \u2013 non solo bilancio di sostenibilit\u00e0 (bilancio sociale) \u2013 dal sito web all\u2019annual report tutte le modalit\u00e0 intermedie per rendere trasparenti le informazioni non finanziarie dell\u2019ente culturale;<\/li>\n\n\n\n<li>Il bilancio di sostenibilit\u00e0: Gli SDG \u2013 I framework internazionali e gli ESG \u2013 Unesco culture indicators 2030 e i modelli per la cultura.<\/li>\n<\/ul>\n\n\n\n<p class=\"has-medium-font-size\"><strong>9 OTTOBRE | 10.00 &#8211; 13.00 ; 14.30 &#8211; 17.30\u00a0 |<\/strong> <strong><a href=\"https:\/\/www.lubec.it\/lubec-2024-venti-di-cultura.html\">LuBeC Lucca Beni Culturali<\/a> <\/strong>@Real Collegio di Lucca<\/p>\n\n\n\n<p class=\"has-medium-font-size\"><strong>14 OTTOBRE | 09.30 &#8211; 13.00 | <\/strong>Revisione dei processi organizzativi &#8211; <em>3 incontro<\/em><\/p>\n\n\n\n<ul class=\"wp-block-list\">\n<li class=\"has-medium-font-size\">La sostenibilit\u00e0 economica degli investimenti&#8230; in sostenibilit\u00e0!<\/li>\n\n\n\n<li class=\"has-medium-font-size\">Laboratorio: caso pratico.<\/li>\n<\/ul>\n\n\n\n<p class=\"has-medium-font-size\"><strong>16 OTTOBRE | 15.00 &#8211; 18.00 |<\/strong> Agenda 2030: La valutazione di impatto &#8211; <em>2 incontro<\/em><\/p>\n\n\n\n<ul class=\"wp-block-list\">\n<li>L\u2019impatto economico e sociale delle attivit\u00e0 culturali;<\/li>\n\n\n\n<li>La Theory of Change e la sua applicazione;<\/li>\n\n\n\n<li>Informazioni ed indicatori standardizzabili;<\/li>\n\n\n\n<li>L\u2019impatto sociale \u2013 prime competenze per iniziare a ragionare in termini di impatto;<\/li>\n\n\n\n<li>L\u2019impact report.<\/li>\n<\/ul>\n\n\n\n<p class=\"has-medium-font-size\"><strong>23 OTTOBRE | 15.00 &#8211; 18.00 |<\/strong> Agenda 2030: Proviamo a lavorare sull\u2019impatto &#8211; <em>3 incontro<\/em><\/p>\n\n\n\n<ul class=\"wp-block-list\">\n<li>Laboratorio delle idee \u2013 lavoriamo su un caso a gruppi, impostiamo una valutazione di impatto e definiamo le informazioni da inserire nell\u2019impact report <\/li>\n<\/ul>\n\n\n\n<p class=\"has-medium-font-size\"><strong>05 NOVEMBRE | 15.30 &#8211; 18.30 |<\/strong> CAM &#8211; Criteri Ambientali Minimi &#8211; <em>1 incontro<\/em><\/p>\n\n\n\n<ul class=\"wp-block-list\">\n<li>Laboratorio per l&#8217;applicazione dei CAM e case study<\/li>\n<\/ul>\n\n\n\n<p class=\"has-medium-font-size\"><strong>14 NOVEMBRE | 10.00 &#8211; 12.00 | <\/strong>Laboratorio Calcolo dei benefici ambientali<\/p>\n\n\n\n<p class=\"has-medium-font-size\"><strong>20 NOVEMBRE | 09.00 &#8211; 12.00 |<\/strong> CAM &#8211; Criteri Ambientali Minimi &#8211; <em>2 incontro<\/em><\/p>\n\n\n\n<ul class=\"wp-block-list\">\n<li>Laboratorio per l&#8217;applicazione dei CAM e case study<\/li>\n<\/ul>\n\n\n\n<p class=\"has-medium-font-size\"><strong>26 NOVEMBRE |  15.00 &#8211; 18.00 | <\/strong>Dal fundraising allo stakeholder engagement &#8211; <em>1 incontro<\/em><\/p>\n\n\n\n<ul class=\"wp-block-list\">\n<li class=\"has-medium-font-size\">Principi generali. Per capire di cosa stiamo parlando, quali sono i concetti chiave di questa disciplina, e quali sono le attivit\u00e0 principali che un\u2019organizzazione deve fare per affrontarlo nel modo giusto, ma concretamente.<\/li>\n<\/ul>\n\n\n\n<p class=\"has-medium-font-size\"><strong>03 DICEMBRE |  15.00 &#8211; 18.00 | <\/strong>Dal fundraising allo stakeholder engagement &#8211; <em>2 incontro<\/em><\/p>\n\n\n\n<ul class=\"wp-block-list\">\n<li class=\"has-medium-font-size\">Integrare fundraising e transizione ecologica<\/li>\n<\/ul>\n\n\n\n<p class=\"has-medium-font-size\"><strong>10 DICEMBRE | 15.00 &#8211; 18.00 | <\/strong>Dal fundraising allo stakeholder engagement &#8211; <em>3 incontro<\/em><\/p>\n\n\n\n<ul class=\"wp-block-list\">\n<li class=\"has-medium-font-size\">Concepire la raccolta fondi&#8230; come individui e come azienda<\/li>\n<\/ul>\n\n\n\n<p><strong> Il corso prevede inoltre:<\/strong><\/p>\n\n\n\n<figure class=\"wp-block-table\"><table class=\"has-global-color-10-color has-text-color has-link-color\"><tbody><tr><td><strong>Attivit\u00e0 online ASINCRONA<\/strong><\/td><td><strong>Durata<\/strong><\/td><\/tr><tr><td>CAM &#8211; Criteri Minimi Ambientali <\/td><td>6 ore<\/td><\/tr><tr><td>Revisione dei processi organizzativi<\/td><td>3 ore<\/td><\/tr><tr><td>Dal fundraising&nbsp;allo&nbsp;Stakeholder engagement<\/td><td>3 ore<\/td><\/tr><tr><td>Agenda 2030: catalogo delle idee e valutazione d\u2019impatto<\/td><td>3 ore<\/td><\/tr><\/tbody><\/table><\/figure>\n\n\n\n<p>Il corso \u00e8 costituito da<strong> 60 ore totali, <\/strong>fra cui<strong> 39 ore di attivit\u00e0 online SINCRONA, 15 ore di attivit\u00e0 online ASINCRONA, 6 ore di attivit\u00e0 in PRESENZA. <\/strong><\/p>\n\n\n\n<figure class=\"wp-block-image size-full\"><img loading=\"lazy\" decoding=\"async\" width=\"886\" height=\"473\" src=\"https:\/\/www.promopa.it\/eco\/wp-content\/uploads\/2024\/04\/ECO_logo-plus_trasp.png\" alt=\"Eco Logo Plus Trasp\" class=\"wp-image-207\" srcset=\"https:\/\/www.promopa.it\/eco\/wp-content\/uploads\/2024\/04\/ECO_logo-plus_trasp.png 886w, https:\/\/www.promopa.it\/eco\/wp-content\/uploads\/2024\/04\/ECO_logo-plus_trasp-300x160.png 300w, https:\/\/www.promopa.it\/eco\/wp-content\/uploads\/2024\/04\/ECO_logo-plus_trasp-768x410.png 768w\" sizes=\"auto, (max-width: 886px) 100vw, 886px\" \/><\/figure>\n","protected":false},"excerpt":{"rendered":"<p>16 SETTEMBRE | 15.30 &#8211; 17.30 | Laboratorio partecipato &#8211; engagement e mapping 20 SETTEMBRE | 09.00 &#8211; 13.00 | Revisione dei processi organizzativi &#8211; 1 incontro 26 SETTEMBRE | 09.30 &#8211; 13.00 | Revisione dei processi organizzativi &#8211; 2 incontro 3 OTTOBRE | 15.00 &#8211; 18.00 | Agenda 2030: rendicontare la sostenibilit\u00e0 &#8211; 1 &#8230; <a title=\"ECO PLUS | IV EDIZIONE\" class=\"read-more\" href=\"https:\/\/www.promopa.it\/eco\/programma-plus\/corso-eco-plus-iv-edizione\/\" aria-label=\"Per saperne di pi\u00f9 su ECO PLUS | IV EDIZIONE\">Leggi tutto<\/a><\/p>\n","protected":false},"author":2,"featured_media":0,"parent":250,"menu_order":0,"comment_status":"closed","ping_status":"closed","template":"","meta":{"slim_seo":[],"footnotes":""},"class_list":["post-867","page","type-page","status-publish"],"_links":{"self":[{"href":"https:\/\/www.promopa.it\/eco\/wp-json\/wp\/v2\/pages\/867","targetHints":{"allow":["GET"]}}],"collection":[{"href":"https:\/\/www.promopa.it\/eco\/wp-json\/wp\/v2\/pages"}],"about":[{"href":"https:\/\/www.promopa.it\/eco\/wp-json\/wp\/v2\/types\/page"}],"author":[{"embeddable":true,"href":"https:\/\/www.promopa.it\/eco\/wp-json\/wp\/v2\/users\/2"}],"replies":[{"embeddable":true,"href":"https:\/\/www.promopa.it\/eco\/wp-json\/wp\/v2\/comments?post=867"}],"version-history":[{"count":9,"href":"https:\/\/www.promopa.it\/eco\/wp-json\/wp\/v2\/pages\/867\/revisions"}],"predecessor-version":[{"id":1108,"href":"https:\/\/www.promopa.it\/eco\/wp-json\/wp\/v2\/pages\/867\/revisions\/1108"}],"up":[{"embeddable":true,"href":"https:\/\/www.promopa.it\/eco\/wp-json\/wp\/v2\/pages\/250"}],"wp:attachment":[{"href":"https:\/\/www.promopa.it\/eco\/wp-json\/wp\/v2\/media?parent=867"}],"curies":[{"name":"wp","href":"https:\/\/api.w.org\/{rel}","templated":true}]}}