{"id":1259,"date":"2025-04-23T11:38:08","date_gmt":"2025-04-23T09:38:08","guid":{"rendered":"https:\/\/www.promopa.it\/eco\/?page_id=1259"},"modified":"2025-05-08T18:12:07","modified_gmt":"2025-05-08T16:12:07","slug":"eventi-sostenibili-al-forum-compraverde-2025-un-confronto-su-cultura-risorse-e-impatto-ambientale","status":"publish","type":"page","link":"https:\/\/www.promopa.it\/eco\/eventi-sostenibili-al-forum-compraverde-2025-un-confronto-su-cultura-risorse-e-impatto-ambientale\/","title":{"rendered":"Forum Compraverde 2025 | Attivit\u00e0 culturali e sostenibilit\u00e0 ambientale: buone pratiche, criticit\u00e0 e sfide per il futuro"},"content":{"rendered":"\n<p><strong>14 maggio, dalle 15.00 alle 16.30 | WORKSHOP<\/strong> <\/p>\n\n\n\n<figure class=\"wp-block-image size-full is-resized\"><img loading=\"lazy\" decoding=\"async\" width=\"820\" height=\"273\" src=\"https:\/\/www.promopa.it\/eco\/wp-content\/uploads\/2025\/04\/Newsletter-FC-14-maggio-ore-15.png\" alt=\"Newsletter Fc 14 Maggio Ore 15\" class=\"wp-image-1266\" style=\"width:967px;height:auto\" srcset=\"https:\/\/www.promopa.it\/eco\/wp-content\/uploads\/2025\/04\/Newsletter-FC-14-maggio-ore-15.png 820w, https:\/\/www.promopa.it\/eco\/wp-content\/uploads\/2025\/04\/Newsletter-FC-14-maggio-ore-15-300x100.png 300w, https:\/\/www.promopa.it\/eco\/wp-content\/uploads\/2025\/04\/Newsletter-FC-14-maggio-ore-15-768x256.png 768w\" sizes=\"auto, (max-width: 820px) 100vw, 820px\" \/><\/figure>\n\n\n\n<p><strong>Bilanciare cultura, risorse ed impatto ambientale<\/strong>&nbsp;\u00e8 oggi una delle sfide pi\u00f9 urgenti per il settore culturale e creativo italiano. Se da un lato i finanziamenti del PNRR hanno innescato un processo di rinnovamento, dall\u2019altro cresce la consapevolezza che l\u2019offerta culturale debba evolvere in chiave sostenibile,&nbsp;<strong>riducendo l\u2019impronta ecologica di mostre, festival ed eventi<\/strong>.<\/p>\n\n\n\n<p>\u00c8 questo il tema al centro dell\u2019incontro&nbsp;<strong>\u201c<strong>Attivit\u00e0 culturali e sostenibilit\u00e0 ambientale: buone pratiche, criticit\u00e0 e sfide per il futuro<\/strong>\u201d<\/strong>, ospitato all\u2019interno del <strong><a href=\"https:\/\/www.forumcompraverde.it\/programma\" title=\"\">Forum Compraverde 2025<\/a><\/strong>, che riunisce operatori pubblici e privati, istituzioni e progettisti culturali per un confronto sulle&nbsp;<strong>buone pratiche, le criticit\u00e0 e le sfide future della sostenibilit\u00e0 nel settore<\/strong>.<\/p>\n\n\n\n<p>Nel corso dell\u2019incontro, si discuter\u00e0 dell\u2019adozione dei&nbsp;<strong>Criteri Ambientali Minimi (CAM)<\/strong>, in particolare quelli dedicati agli eventi culturali, come stabilito dal&nbsp;<strong>D.M. 19 ottobre 2022 n. 459<\/strong>. Esperti del settore mostreranno esempi concreti di come mostre, festival e eventi culturali possano ridurre la propria impronta ecologica, seguendo pratiche gi\u00e0 adottate con successo in Italia, come il&nbsp;<strong>premio Cultura in Verde, il Green Drop Award, il Green Film Fest<\/strong>&nbsp;e il&nbsp;<strong>progetto Green Fest<\/strong>.<\/p>\n\n\n\n<p> Il workshop vedr\u00e0 il confronto di esperti e referenti della&nbsp;<strong>Rete ECO Ecologicamente Culturali<\/strong>, che si concentreranno sulle criticit\u00e0 ancora presenti e sulle prospettive future per un settore culturale sempre pi\u00f9 orientato alla sostenibilit\u00e0.&nbsp;<strong>Progetti intersettoriali, iniziative di networking e collaborazioni<\/strong>&nbsp;saranno discussi come possibili acceleratori per il cambiamento, con l\u2019obiettivo di creare un&nbsp;<strong>modello culturale pi\u00f9 responsabile, innovativo e rispettoso dell\u2019ambiente<\/strong>.<\/p>\n\n\n\n<p>Un evento imperdibile per chi lavora nel settore culturale e creativo e vuole fare la propria parte nella&nbsp;<strong>transizione ecologica<\/strong>, aprendosi a nuovi modelli e soluzioni sostenibili!<\/p>\n\n\n\n<p class=\"has-text-align-left has-contrast-color has-text-color has-link-color wp-elements-f62e1a0155b9b4f7c08c8b592dfa57bf\"><strong>Attivit\u00e0 culturali e sostenibilit\u00e0 ambientale: buone pratiche, criticit\u00e0 e sfide per il futuro | WORKSHOP<br><\/strong><em>14 maggio 2025 <a>|<\/a>&nbsp; Ore 15:00 \u2013 16:30 | Sala Brundtland \u2013 Forum Compraverde Buygreen, Roma<\/em> &#8211; <em>Palazzo&nbsp;<a href=\"https:\/\/www.google.com\/maps\/place\/\/data=!4m2!3m1!1s0x132f603a00825c41:0x60bb12dd9572575f?sa=X&amp;ved=1t:8290&amp;ictx=111\">WeGil,&nbsp;Largo Ascianghi 5<\/a><\/em><\/p>\n\n\n\n<p><strong><a href=\"https:\/\/www.promopa.it\/eco\/wp-content\/uploads\/2025\/05\/Programma-convegno-ore15_14.05.25.pdf\" title=\"CONSULTA IL PROGRAMMA AGGIORNATO\">CONSULTA IL PROGRAMMA AGGIORNATO<\/a><\/strong><\/p>\n\n\n\n<a class=\"gb-button gb-button-13bae45b gb-button-text\" href=\"https:\/\/www.forumcompraverde.it\/visitatori\/#visitatori-form\" target=\"_blank\" rel=\"noopener noreferrer\"><strong>ISCRIVITI QUI<\/strong><\/a>\n\n\n\n<p><\/p>\n","protected":false},"excerpt":{"rendered":"<p>14 maggio, dalle 15.00 alle 16.30 | WORKSHOP Bilanciare cultura, risorse ed impatto ambientale&nbsp;\u00e8 oggi una delle sfide pi\u00f9 urgenti per il settore culturale e creativo italiano. Se da un lato i finanziamenti del PNRR hanno innescato un processo di rinnovamento, dall\u2019altro cresce la consapevolezza che l\u2019offerta culturale debba evolvere in chiave sostenibile,&nbsp;riducendo l\u2019impronta ecologica &#8230; <a title=\"Forum Compraverde 2025 | Attivit\u00e0 culturali e sostenibilit\u00e0 ambientale: buone pratiche, criticit\u00e0 e sfide per il futuro\" class=\"read-more\" href=\"https:\/\/www.promopa.it\/eco\/eventi-sostenibili-al-forum-compraverde-2025-un-confronto-su-cultura-risorse-e-impatto-ambientale\/\" aria-label=\"Per saperne di pi\u00f9 su Forum Compraverde 2025 | Attivit\u00e0 culturali e sostenibilit\u00e0 ambientale: buone pratiche, criticit\u00e0 e sfide per il futuro\">Leggi tutto<\/a><\/p>\n","protected":false},"author":2,"featured_media":0,"parent":0,"menu_order":0,"comment_status":"closed","ping_status":"closed","template":"","meta":{"slim_seo":[],"footnotes":""},"class_list":["post-1259","page","type-page","status-publish"],"_links":{"self":[{"href":"https:\/\/www.promopa.it\/eco\/wp-json\/wp\/v2\/pages\/1259","targetHints":{"allow":["GET"]}}],"collection":[{"href":"https:\/\/www.promopa.it\/eco\/wp-json\/wp\/v2\/pages"}],"about":[{"href":"https:\/\/www.promopa.it\/eco\/wp-json\/wp\/v2\/types\/page"}],"author":[{"embeddable":true,"href":"https:\/\/www.promopa.it\/eco\/wp-json\/wp\/v2\/users\/2"}],"replies":[{"embeddable":true,"href":"https:\/\/www.promopa.it\/eco\/wp-json\/wp\/v2\/comments?post=1259"}],"version-history":[{"count":3,"href":"https:\/\/www.promopa.it\/eco\/wp-json\/wp\/v2\/pages\/1259\/revisions"}],"predecessor-version":[{"id":1290,"href":"https:\/\/www.promopa.it\/eco\/wp-json\/wp\/v2\/pages\/1259\/revisions\/1290"}],"wp:attachment":[{"href":"https:\/\/www.promopa.it\/eco\/wp-json\/wp\/v2\/media?parent=1259"}],"curies":[{"name":"wp","href":"https:\/\/api.w.org\/{rel}","templated":true}]}}